{"id":3652,"date":"2025-09-02T16:27:42","date_gmt":"2025-09-02T16:27:42","guid":{"rendered":"https:\/\/lestorealty.rs\/?post_type=product&#038;p=3652"},"modified":"2025-09-02T16:27:42","modified_gmt":"2025-09-02T16:27:42","slug":"versa-e-405","status":"publish","type":"product","link":"https:\/\/lestorealty.rs\/en\/nekretnine\/versa-e-405\/","title":{"rendered":"Versa E &#8211; 405"},"content":{"rendered":"<p data-start=\"64\" data-end=\"689\">Dobrodo\u0161li u Versa E \u2013 405, luksuzno uto\u010di\u0161te sme\u0161teno u \u017eivopisnom srcu Porto Montenegra, Tivat. Po fiksnoj ceni od 710.000 \u20ac, ovaj prefinjeni jednosoban stan sa jednom kupatilom prostire se na 81,1 kvadratni metar elegantno dizajniranog \u017eivotnog prostora. Kao stanar, u\u017eiva\u0107ete u neuporedivim pogodnostima, uklju\u010duju\u0107i privatne gara\u017ee sa direktnim pristupom, mirnu bazensku zonu namenjenu isklju\u010divo rezidentima i potpuno opremljenu teretanu. Na\u0161a recepcija i obezbe\u0111enje dostupni 24 \u010dasa dnevno obezbe\u0111uju potpuni mir, dok ekskluzivno \u010dlanstvo u Porto Montenegro Yacht Club-u dodaje dodatnu notu presti\u017ea.<\/p>\n<p data-start=\"691\" data-end=\"1280\">Van granica va\u0161eg luksuznog doma, Porto Montenegro nudi dinami\u010dan stil \u017eivota. U okolini se nalazi mno\u0161tvo vrhunskih restorana, od obalskih sa sve\u017eim lokalnim morskim plodovima do internacionalnih kulinarskih u\u017eitaka. Za porodice, u blizini se nalazi nekoliko renomiranih \u0161kola koje pru\u017eaju izuzetne obrazovne mogu\u0107nosti. U\u017eurbana maloprodajna scena savr\u0161ena je za kupovinu, sa buticima koji nude sve \u2013 od vrhunske mode do unikatnih lokalnih rukotvorina. Iskusite spoj sofisticiranosti i odmora koji defini\u0161e ovu izuzetnu zajednicu tako \u0161to \u0107ete u\u010diniti Versa E \u2013 405 svojim novim domom.<\/p>\n<p>KARAKTERISTIKE NEKRETNINE<br \/>\n&#8211; Privatne gara\u017ee sa direktnim pristupom<br \/>\n&#8211; Bazen namenjen isklju\u010divo rezidentima<br \/>\n&#8211; Teretana za rezidente<br \/>\n&#8211; Recepcija i obezbe\u0111enje dostupni 24 \u010dasa dnevno<br \/>\n&#8211; \u010clanstvo u Porto Montenegro Yacht Club-u<br \/>\n&#8211; Personalizovana re\u0161enja za izdavanje i upravljanje<\/p>","protected":false},"excerpt":{"rendered":"<p>Dobrodo\u0161li u Versa E \u2013 405, luksuzno uto\u010di\u0161te sme\u0161teno u \u017eivopisnom srcu Porto Montenegra, Tivat. Po fiksnoj ceni od 710.000 \u20ac, ovaj prefinjeni jednosoban stan sa jednom kupatilom prostire se na 81,1 kvadratni metar elegantno dizajniranog \u017eivotnog prostora. Kao stanar, u\u017eiva\u0107ete u neuporedivim pogodnostima, uklju\u010duju\u0107i privatne gara\u017ee sa direktnim pristupom, mirnu bazensku zonu namenjenu isklju\u010divo rezidentima i potpuno opremljenu teretanu. Na\u0161a recepcija i obezbe\u0111enje dostupni 24 \u010dasa dnevno obezbe\u0111uju potpuni mir, dok ekskluzivno \u010dlanstvo u Porto Montenegro Yacht Club-u dodaje dodatnu notu presti\u017ea. Van granica va\u0161eg luksuznog doma, Porto Montenegro nudi dinami\u010dan stil \u017eivota. U okolini se nalazi mno\u0161tvo vrhunskih restorana, od obalskih sa sve\u017eim lokalnim morskim plodovima do internacionalnih kulinarskih u\u017eitaka. Za porodice, u blizini se nalazi nekoliko renomiranih \u0161kola koje pru\u017eaju izuzetne obrazovne mogu\u0107nosti. U\u017eurbana maloprodajna scena savr\u0161ena je za kupovinu, sa buticima koji nude sve \u2013 od vrhunske mode do unikatnih lokalnih rukotvorina. Iskusite spoj sofisticiranosti i odmora koji defini\u0161e ovu izuzetnu zajednicu tako \u0161to \u0107ete u\u010diniti Versa E \u2013 405 svojim novim domom. KARAKTERISTIKE NEKRETNINE &#8211; Privatne gara\u017ee sa direktnim pristupom &#8211; Bazen namenjen isklju\u010divo rezidentima &#8211; Teretana za rezidente &#8211; Recepcija i obezbe\u0111enje dostupni 24 \u010dasa dnevno &#8211; \u010clanstvo u Porto Montenegro Yacht Club-u &#8211; Personalizovana re\u0161enja za izdavanje i upravljanje<\/p>","protected":false},"featured_media":3653,"comment_status":"open","ping_status":"closed","template":"","meta":{"_acf_changed":false},"product_brand":[],"product_cat":[26],"product_tag":[],"class_list":{"0":"post-3652","1":"product","2":"type-product","3":"status-publish","4":"has-post-thumbnail","6":"product_cat-prodaja","7":"pa_kvadratura-135","8":"pa_tip-nekretnine-stan","10":"first","11":"instock","12":"shipping-taxable","13":"purchasable","14":"product-type-simple"},"acf":[],"_links":{"self":[{"href":"https:\/\/lestorealty.rs\/en\/wp-json\/wp\/v2\/product\/3652","targetHints":{"allow":["GET"]}}],"collection":[{"href":"https:\/\/lestorealty.rs\/en\/wp-json\/wp\/v2\/product"}],"about":[{"href":"https:\/\/lestorealty.rs\/en\/wp-json\/wp\/v2\/types\/product"}],"replies":[{"embeddable":true,"href":"https:\/\/lestorealty.rs\/en\/wp-json\/wp\/v2\/comments?post=3652"}],"wp:featuredmedia":[{"embeddable":true,"href":"https:\/\/lestorealty.rs\/en\/wp-json\/wp\/v2\/media\/3653"}],"wp:attachment":[{"href":"https:\/\/lestorealty.rs\/en\/wp-json\/wp\/v2\/media?parent=3652"}],"wp:term":[{"taxonomy":"product_brand","embeddable":true,"href":"https:\/\/lestorealty.rs\/en\/wp-json\/wp\/v2\/product_brand?post=3652"},{"taxonomy":"product_cat","embeddable":true,"href":"https:\/\/lestorealty.rs\/en\/wp-json\/wp\/v2\/product_cat?post=3652"},{"taxonomy":"product_tag","embeddable":true,"href":"https:\/\/lestorealty.rs\/en\/wp-json\/wp\/v2\/product_tag?post=3652"}],"curies":[{"name":"wp","href":"https:\/\/api.w.org\/{rel}","templated":true}]}}