{"id":3626,"date":"2025-09-02T13:39:31","date_gmt":"2025-09-02T13:39:31","guid":{"rendered":"https:\/\/lestorealty.rs\/?post_type=product&#038;p=3626"},"modified":"2025-09-02T15:19:07","modified_gmt":"2025-09-02T15:19:07","slug":"versa-e-406","status":"publish","type":"product","link":"https:\/\/lestorealty.rs\/en\/nekretnine\/versa-e-406\/","title":{"rendered":"Versa E &#8211; 406"},"content":{"rendered":"<p style=\"text-align: left\" data-start=\"0\" data-end=\"529\">Dobrodo\u0161li u Vero E &#8211; 406, izuzetnu nekretninu sme\u0161tenu u srcu presti\u017enog Porto Montenegra, Tivat. Ova jedinstvena rezidencija nudi prostranih 53,8 kvadratnih metara sofisticiranog \u017eivotnog prostora. Sa svojim modernim dizajnom i savremenom elegancijom, jedinica se mo\u017ee pohvaliti luksuzno opremljenim kupatilom, vrhunskim zavr\u0161nim materijalima i obiljem prirodne svetlosti. Nekretnina je na prodaju po fiksnoj ceni od 481.000 \u20ac, \u0161to predstavlja izvanrednu investicionu priliku na jednoj od najtra\u017eenijih lokacija u Crnoj Gori.<\/p>\n<p style=\"text-align: left\" data-start=\"531\" data-end=\"1335\" data-is-last-node=\"\" data-is-only-node=\"\">Vero E &#8211; 406 ne nudi samo vrhunske privatne pogodnosti, uklju\u010duju\u0107i privatne gara\u017ee sa direktnim pristupom, bazen dostupan isklju\u010divo stanarima, savremenu teretanu i usluge konsijer\u017ea dostupne 24 sata dnevno, ve\u0107 i \u017eivotni stil na zavidnom nivou. Sme\u0161ten u \u017eivopisnom Porto Montenegru, stanarima je obezbe\u0111eno \u010dlanstvo u ekskluzivnom Jaht klubu \u2013 savr\u0161eno za ljubitelje jedrenja.<\/p>\n<p style=\"text-align: left\" data-start=\"531\" data-end=\"1335\" data-is-last-node=\"\" data-is-only-node=\"\">Okolina je gastronomski raj, sa brojnim gurmanskim restoranima, modernim kafi\u0107ima i buticima. Ugledne me\u0111unarodne \u0161kole pru\u017eaju vrhunsko obrazovanje, dok obli\u017enji maloprodajni objekti obezbe\u0111uju nenadma\u0161nu prakti\u010dnost. Uz personalizovana re\u0161enja za izdavanje i upravljanje putem Mresidences, va\u0161 \u017eivotni stil bi\u0107e besprekoran i luksuzan. Ova nekretnina zaista predstavlja oli\u010denje moderne elegancije i neuporedive udobnosti.<\/p>","protected":false},"excerpt":{"rendered":"<p>Dobrodo\u0161li u Vero E &#8211; 406, izuzetnu nekretninu sme\u0161tenu u srcu presti\u017enog Porto Montenegra, Tivat. Ova jedinstvena rezidencija nudi prostranih 53,8 kvadratnih metara sofisticiranog \u017eivotnog prostora. Sa svojim modernim dizajnom i savremenom elegancijom, jedinica se mo\u017ee pohvaliti luksuzno opremljenim kupatilom, vrhunskim zavr\u0161nim materijalima i obiljem prirodne svetlosti. Nekretnina je na prodaju po fiksnoj ceni od 481.000 \u20ac, \u0161to predstavlja izvanrednu investicionu priliku na jednoj od najtra\u017eenijih lokacija u Crnoj Gori. Vero E &#8211; 406 ne nudi samo vrhunske privatne pogodnosti, uklju\u010duju\u0107i privatne gara\u017ee sa direktnim pristupom, bazen dostupan isklju\u010divo stanarima, savremenu teretanu i usluge konsijer\u017ea dostupne 24 sata dnevno, ve\u0107 i \u017eivotni stil na zavidnom nivou. Sme\u0161ten u \u017eivopisnom Porto Montenegru, stanarima je obezbe\u0111eno \u010dlanstvo u ekskluzivnom Jaht klubu \u2013 savr\u0161eno za ljubitelje jedrenja. Okolina je gastronomski raj, sa brojnim gurmanskim restoranima, modernim kafi\u0107ima i buticima. Ugledne me\u0111unarodne \u0161kole pru\u017eaju vrhunsko obrazovanje, dok obli\u017enji maloprodajni objekti obezbe\u0111uju nenadma\u0161nu prakti\u010dnost. Uz personalizovana re\u0161enja za izdavanje i upravljanje putem Mresidences, va\u0161 \u017eivotni stil bi\u0107e besprekoran i luksuzan. Ova nekretnina zaista predstavlja oli\u010denje moderne elegancije i neuporedive udobnosti.<\/p>","protected":false},"featured_media":3627,"comment_status":"open","ping_status":"closed","template":"","meta":{"_acf_changed":false},"product_brand":[],"product_cat":[26],"product_tag":[],"class_list":{"0":"post-3626","1":"product","2":"type-product","3":"status-publish","4":"has-post-thumbnail","6":"product_cat-prodaja","7":"pa_kvadratura-134","8":"pa_tip-nekretnine-stan","10":"first","11":"instock","12":"shipping-taxable","13":"product-type-external"},"acf":[],"_links":{"self":[{"href":"https:\/\/lestorealty.rs\/en\/wp-json\/wp\/v2\/product\/3626","targetHints":{"allow":["GET"]}}],"collection":[{"href":"https:\/\/lestorealty.rs\/en\/wp-json\/wp\/v2\/product"}],"about":[{"href":"https:\/\/lestorealty.rs\/en\/wp-json\/wp\/v2\/types\/product"}],"replies":[{"embeddable":true,"href":"https:\/\/lestorealty.rs\/en\/wp-json\/wp\/v2\/comments?post=3626"}],"wp:featuredmedia":[{"embeddable":true,"href":"https:\/\/lestorealty.rs\/en\/wp-json\/wp\/v2\/media\/3627"}],"wp:attachment":[{"href":"https:\/\/lestorealty.rs\/en\/wp-json\/wp\/v2\/media?parent=3626"}],"wp:term":[{"taxonomy":"product_brand","embeddable":true,"href":"https:\/\/lestorealty.rs\/en\/wp-json\/wp\/v2\/product_brand?post=3626"},{"taxonomy":"product_cat","embeddable":true,"href":"https:\/\/lestorealty.rs\/en\/wp-json\/wp\/v2\/product_cat?post=3626"},{"taxonomy":"product_tag","embeddable":true,"href":"https:\/\/lestorealty.rs\/en\/wp-json\/wp\/v2\/product_tag?post=3626"}],"curies":[{"name":"wp","href":"https:\/\/api.w.org\/{rel}","templated":true}]}}