{"id":334,"date":"2025-05-24T13:17:27","date_gmt":"2025-05-24T13:17:27","guid":{"rendered":"https:\/\/lestorealty.rs\/?post_type=product&#038;p=334"},"modified":"2025-07-06T11:55:04","modified_gmt":"2025-07-06T11:55:04","slug":"unikatna-vila-u-lagonisiju","status":"publish","type":"product","link":"https:\/\/lestorealty.rs\/en\/nekretnine\/unikatna-vila-u-lagonisiju\/","title":{"rendered":"Unikatna vila u Lagonisiju"},"content":{"rendered":"<div class=\"page\" title=\"Page 8\">\n<div class=\"section\">\n<div class=\"layoutArea\">\n<div class=\"column\">\n<div class=\"page\" title=\"Page 7\">\n<div class=\"section\">\n<div class=\"layoutArea\">\n<div class=\"column\">\n<div class=\"page\" title=\"Page 5\">\n<div class=\"section\">\n<div class=\"layoutArea\">\n<div class=\"column\">\n<p class=\"p1\">Do\u017eivite nestvaran luksuz u ovoj zadivljuju\u0107oj rezidenciji u Lagonisiju, sme\u0161tenoj na presti\u017enoj atinskoj rivijeri. Okru\u017eena beskrajnim plavetnilom zaliva, pru\u017ea zalaske sunca koji deluju kao umetni\u010dka dela. Ovo nije samo dom \u2013 ovo je uto\u010di\u0161te koje spaja savremeni dizajn, naprednu tehnologiju i prirodnu lepotu Gr\u010dke.<\/p>\n<p class=\"p3\"><b>Moderna arhitektura<\/b><\/p>\n<p class=\"p1\">Zavr\u0161ena 2023. godine, ova rezidencija od 693m\u00b2 nalazi se na placu od 4.154 m\u00b2 i kombinuje eleganciju sa funkcionalno\u0161\u0107u. Impozantan ulaz vodi ka dnevnom boravku otvorenog koncepta sa prozorima od poda do plafona koji uokviruju zadivljuju\u0107i pogled na more. Zakrivljeni most povezuje master apartman sa privatnom bibliotekom i radnim prostorom, stvaraju\u0107i ekskluzivno povu\u010deno okru\u017eenje. Pametne roletne obezbe\u0111uju udobnost uz o\u010duvanje pogleda.<\/p>\n<p class=\"p3\"><b>Prostranost i udobnost<\/b><\/p>\n<p class=\"p1\">Ku\u0107a se prostire na tri nivoa i sadr\u017ei sedam spava\u0107ih soba, uklju\u010duju\u0107i dve master spava\u0107e sobe, \u0161est kupatila i jedan gostinjski toalet. Dve kuhinje i dva dnevna boravka idealni su za porodi\u010dna okupljanja i prijeme. Svaki detalj pa\u017eljivo je osmi\u0161ljen kako bi pru\u017eio maksimalnu udobnost i stil.<\/p>\n<p class=\"p3\"><b>Eksterijer kao oaza<\/b><\/p>\n<p class=\"p1\">Profesionalno ure\u0111eno dvori\u0161te obuhvata mirne vodene povr\u0161ine, bazen, \u0111akuzi i moderno ure\u0111eni prostor sa vatrom. Prostor za ro\u0161tilj sa vrhunskom opremom idealan je za obedovanje i opu\u0161tanje na otvorenom, u okru\u017eenju bogate vegetacije.<\/p>\n<p class=\"p3\"><b>Pametna tehnologija<\/b><\/p>\n<p class=\"p1\">Grejanje, hla\u0111enje i osvetljenje mogu se kontrolisati putem mobilne aplikacije. Dve toplotne pumpe omogu\u0107avaju kanalsku klimatizaciju i podno grejanje. Najsavremeniji bezbednosni sistem sa spoljnim kamerama pru\u017ea dodatnu sigurnost i mir.<\/p>\n<p class=\"p3\"><b>Prakti\u010dan luksuz<\/b><\/p>\n<p class=\"p1\">Natkriven parking za tri vozila, dodatni prostor za goste i sme\u0161taj za osoblje uspe\u0161no kombinuju funkcionalnost i sofisticiranost.<\/p>\n<p class=\"p1\">Ova rezidencija predstavlja remek-delo savremenog stanovanja i nudi nezamenljiv \u017eivotni stil na Atinskoj rivijeri.<\/p>\n<\/div>\n<\/div>\n<\/div>\n<\/div>\n<\/div>\n<\/div>\n<\/div>\n<\/div>\n<\/div>\n<\/div>\n<\/div>\n<\/div>\n<div class=\"page\" title=\"Page 8\">\n<div class=\"section\">\n<div class=\"layoutArea\">\n<div class=\"column\">\n<p>Kontaktirajte nas za dodatne detalje.<\/p>\n<\/div>\n<\/div>\n<\/div>\n<\/div>","protected":false},"excerpt":{"rendered":"<p>Do\u017eivite nestvaran luksuz u ovoj zadivljuju\u0107oj rezidenciji u Lagonisiju, sme\u0161tenoj na presti\u017enoj atinskoj rivijeri. Okru\u017eena beskrajnim plavetnilom zaliva, pru\u017ea zalaske sunca koji deluju kao umetni\u010dka dela. Ovo nije samo dom \u2013 ovo je uto\u010di\u0161te koje spaja savremeni dizajn, naprednu tehnologiju i prirodnu lepotu Gr\u010dke. Moderna arhitektura Zavr\u0161ena 2023. godine, ova rezidencija od 693m\u00b2 nalazi se na placu od 4.154 m\u00b2 i kombinuje eleganciju sa funkcionalno\u0161\u0107u. Impozantan ulaz vodi ka dnevnom boravku otvorenog koncepta sa prozorima od poda do plafona koji uokviruju zadivljuju\u0107i pogled na more. Zakrivljeni most povezuje master apartman sa privatnom bibliotekom i radnim prostorom, stvaraju\u0107i ekskluzivno povu\u010deno okru\u017eenje. Pametne roletne obezbe\u0111uju udobnost uz o\u010duvanje pogleda. Prostranost i udobnost Ku\u0107a se prostire na tri nivoa i sadr\u017ei sedam spava\u0107ih soba, uklju\u010duju\u0107i dve master spava\u0107e sobe, \u0161est kupatila i jedan gostinjski toalet. Dve kuhinje i dva dnevna boravka idealni su za porodi\u010dna okupljanja i prijeme. Svaki detalj pa\u017eljivo je osmi\u0161ljen kako bi pru\u017eio maksimalnu udobnost i stil. Eksterijer kao oaza Profesionalno ure\u0111eno dvori\u0161te obuhvata mirne vodene povr\u0161ine, bazen, \u0111akuzi i moderno ure\u0111eni prostor sa vatrom. Prostor za ro\u0161tilj sa vrhunskom opremom idealan je za obedovanje i opu\u0161tanje na otvorenom, u okru\u017eenju bogate vegetacije. Pametna tehnologija Grejanje, hla\u0111enje i osvetljenje mogu se kontrolisati putem mobilne aplikacije. Dve toplotne pumpe omogu\u0107avaju kanalsku klimatizaciju i podno grejanje. Najsavremeniji bezbednosni sistem sa spoljnim kamerama pru\u017ea dodatnu sigurnost i mir. Prakti\u010dan luksuz Natkriven parking za tri vozila, dodatni prostor za goste i sme\u0161taj za osoblje uspe\u0161no kombinuju funkcionalnost i sofisticiranost. Ova rezidencija predstavlja remek-delo savremenog stanovanja i nudi nezamenljiv \u017eivotni stil na Atinskoj rivijeri. Kontaktirajte nas za dodatne detalje.<\/p>","protected":false},"featured_media":335,"comment_status":"open","ping_status":"closed","template":"","meta":{"_acf_changed":false},"product_brand":[],"product_cat":[26],"product_tag":[],"class_list":{"0":"post-334","1":"product","2":"type-product","3":"status-publish","4":"has-post-thumbnail","6":"product_cat-prodaja","7":"pa_cena-od-do-1-000-000-e","8":"pa_tip-nekretnine-kuca","10":"first","11":"instock","12":"shipping-taxable","13":"product-type-external"},"acf":[],"_links":{"self":[{"href":"https:\/\/lestorealty.rs\/en\/wp-json\/wp\/v2\/product\/334","targetHints":{"allow":["GET"]}}],"collection":[{"href":"https:\/\/lestorealty.rs\/en\/wp-json\/wp\/v2\/product"}],"about":[{"href":"https:\/\/lestorealty.rs\/en\/wp-json\/wp\/v2\/types\/product"}],"replies":[{"embeddable":true,"href":"https:\/\/lestorealty.rs\/en\/wp-json\/wp\/v2\/comments?post=334"}],"wp:featuredmedia":[{"embeddable":true,"href":"https:\/\/lestorealty.rs\/en\/wp-json\/wp\/v2\/media\/335"}],"wp:attachment":[{"href":"https:\/\/lestorealty.rs\/en\/wp-json\/wp\/v2\/media?parent=334"}],"wp:term":[{"taxonomy":"product_brand","embeddable":true,"href":"https:\/\/lestorealty.rs\/en\/wp-json\/wp\/v2\/product_brand?post=334"},{"taxonomy":"product_cat","embeddable":true,"href":"https:\/\/lestorealty.rs\/en\/wp-json\/wp\/v2\/product_cat?post=334"},{"taxonomy":"product_tag","embeddable":true,"href":"https:\/\/lestorealty.rs\/en\/wp-json\/wp\/v2\/product_tag?post=334"}],"curies":[{"name":"wp","href":"https:\/\/api.w.org\/{rel}","templated":true}]}}