{"id":3534,"date":"2025-08-16T13:03:57","date_gmt":"2025-08-16T13:03:57","guid":{"rendered":"https:\/\/lestorealty.rs\/?page_id=3534"},"modified":"2025-08-16T13:13:59","modified_gmt":"2025-08-16T13:13:59","slug":"uslovi-koriscenja","status":"publish","type":"page","link":"https:\/\/lestorealty.rs\/en\/uslovi-koriscenja\/","title":{"rendered":"Uslovi kori\u0161\u0107enja"},"content":{"rendered":"<div data-elementor-type=\"wp-page\" data-elementor-id=\"3534\" class=\"elementor elementor-3534\">\n\t\t\t\t<div class=\"elementor-element elementor-element-8cb47db e-flex e-con-boxed wpr-particle-no wpr-jarallax-no wpr-parallax-no wpr-sticky-section-no e-con e-parent\" data-id=\"8cb47db\" data-element_type=\"container\" data-e-type=\"container\" data-settings=\"{&quot;background_background&quot;:&quot;classic&quot;}\">\n\t\t\t\t\t<div class=\"e-con-inner\">\n\t\t\t\t<div class=\"elementor-element elementor-element-f853f11 elementor-widget elementor-widget-heading\" data-id=\"f853f11\" data-element_type=\"widget\" data-e-type=\"widget\" data-widget_type=\"heading.default\">\n\t\t\t\t<div class=\"elementor-widget-container\">\n\t\t\t\t\t<h2 class=\"elementor-heading-title elementor-size-default\">Uslovi kori\u0161\u0107enja<\/h2>\t\t\t\t<\/div>\n\t\t\t\t<\/div>\n\t\t\t\t\t<\/div>\n\t\t\t\t<\/div>\n\t\t<div class=\"elementor-element elementor-element-b0af650 e-flex e-con-boxed wpr-particle-no wpr-jarallax-no wpr-parallax-no wpr-sticky-section-no e-con e-parent\" data-id=\"b0af650\" data-element_type=\"container\" data-e-type=\"container\" data-settings=\"{&quot;background_background&quot;:&quot;classic&quot;}\">\n\t\t\t\t\t<div class=\"e-con-inner\">\n\t\t<div class=\"elementor-element elementor-element-7a72b75 e-con-full e-flex wpr-particle-no wpr-jarallax-no wpr-parallax-no wpr-sticky-section-no e-con e-child\" data-id=\"7a72b75\" data-element_type=\"container\" data-e-type=\"container\">\n\t\t\t\t<div class=\"elementor-element elementor-element-8b63ee0 elementor-widget elementor-widget-text-editor\" data-id=\"8b63ee0\" data-element_type=\"widget\" data-e-type=\"widget\" data-widget_type=\"text-editor.default\">\n\t\t\t\t<div class=\"elementor-widget-container\">\n\t\t\t\t\t\t\t\t\t<header class=\"post-header\"><header class=\"post-header\"><h2 class=\"page-title\">Uslovi kori\u0161\u0107enja<\/h2><\/header><div class=\"post-content\"><p>Hvala \u0161to ste posetili internet sajt firme LESTO Realty d.o.o. Va\u0161 pristup, kao i kori\u0161\u0107enje ovog na\u0161eg internet sajta (u daljem tekstu: internet sajt) podle\u017ee ovim uslovima kori\u0161\u0107enja i va\u017ee\u0107im zakonskim propisima koji ure\u0111uju ovu oblast. Pristupom i kori\u0161\u0107enjem internet sajta prihvatate bez ograni\u010denja ove uslove kori\u0161\u0107enja. Ukoliko ne prihvatate ove uslove kori\u0161\u0107enja bez ograni\u010denja, molimo Vas da napustite internet sajt www.lestorealty.rs.<\/p><h2 id=\"vlasnistvo-sadrzaja-i-upotreba-sajta\" class=\"wp-block-heading\">Vlasni\u0161tvo sadr\u017eaja i upotreba sajta<\/h2><p>Internet sajt i svi tekstovi, logotip, video i audio materijal (u daljem tekstu: Sadr\u017eaj) jesu autorsko pravo firme LESTO Realty d.o.o. (u daljem tekstu: Autor) ili su na internet sajt postavljeni uz dozvolu vlasnika ili ovla\u0161\u0107enog nosioca prava. Kori\u0161\u0107enje Sadr\u017eaja, osim na na\u010din opisan u ovim uslovima kori\u0161\u0107enja, bez pisane dozvole vlasnika Sadr\u017eaja, strogo je zabranjeno. Autor\u00a0\u0107e za\u0161titi svoja autorska prava, prava intelektualne svojine i ostala srodna prava, kao i druga prava, u meri dozvoljenoj zakonom, uklju\u010duju\u0107i tu i krivi\u010dno gonjenje.<\/p><p>Sadr\u017eaj internet sajta mo\u017ee sadr\u017eati neta\u010dne podatke ili \u0161tamparske gre\u0161ke i ne predstavlja automatski u\u017eivo promene na tr\u017ei\u0161tu. Tr\u017ei\u0161na kretanja nisu a\u017eurirana istog momenta kada se promene na tr\u017ei\u0161tu de\u0161avaju. Promene na internet sajtu se mogu napraviti periodi\u010dno u bilo kom trenutku i bez obave\u0161tenja. Autor\u00a0se ne obavezuje da redovno a\u017eurira informacije sadr\u017eane na ovom internet sajtu i ne garantuje da \u0107e internet sajt funkcionisati bez prekida ili gre\u0161aka. Tako\u0111e, ne mo\u017eemo garantovati da \u0107e nedostaci biti blagovremeno ispravljani niti da je internet sajt kompatibilan sa Va\u0161im hardverom\/softverom.<\/p><h2 id=\"izuzece-od-odgovornosti-i-linkovi-ka-internet-sajtovima-trecih-lica\" class=\"wp-block-heading\">Izuze\u0107e od odgovornosti i linkovi ka internet sajtovima tre\u0107ih lica<\/h2><p>Internet sajt koristite na sopstveni rizik. Autor\u00a0nije odgovoran za materijalnu ili nematerijalnu \u0161tetu, direktnu ili indirektnu koja nastane iz kori\u0161\u0107enja ili je u nekoj vezi sa kori\u0161\u0107enjem internet sajta ili Sadr\u017eaja.<\/p><p>Na\u0161 internet sajt mo\u017ee sadr\u017eati linkove drugih internet sajtova \u010diji vlasnik ili korisnik nije Autor. Takvi linkovi su obezbe\u0111eni isklju\u010divo da bi Vama pru\u017eili \u0161to vi\u0161e informacija. Autor\u00a0ne kontroli\u0161e i nije odgovoran za rad, sadr\u017eaj, politiku privatnosti ili bezbednost tih sajtova, niti kontroli\u0161e sadr\u017eaj ili proizvode ili usluge dostupne na ovim internet sajtovima. Ako uspostavite vezu sa takvim internet sajtovima preko linka na na\u0161em internet sajtu, to \u010dinite na sopstveni rizik i bez saglasnosti Autora.<\/p><h2 id=\"sadrzaj-dostupan-na-ovom-internet-sajtu-i-pohadanje-programa\" class=\"wp-block-heading\">Sadr\u017eaj\u00a0dostupan na ovom internet sajtu i poha\u0111anje programa<\/h2><p>Prava intelektualne svojine i ostala prava na bilo koji Sadr\u017eaj\u00a0koji je dostupan za preuzimanje sa internet sajta pripadaju Autoru, tj. firmi LESTO Realty d.o.o., osim ako druga\u010dije nije izri\u010dito odre\u0111eno. Va\u0161a upotreba Sadr\u017eaja podle\u017ee uslovima Zakona o za\u0161titi autorskih prava Republike Srbije. \u00a0Nemojte preuzimati\u00a0niti koristiti Sadr\u017eaj ako se ne sla\u017eete sa ovim odredbama. Kada preuzimate ili koristite Sadr\u017eaj sa internet sajta, to \u010dinite na sopstveni rizik.<\/p><h2 id=\"izmena-uslova-koriscenja\" class=\"wp-block-heading\">Izmena uslova kori\u0161\u0107enja<\/h2><p>Firma LESTO Realty d.o.o. mo\u017ee u svakom trenutku izmeniti ove uslove kori\u0161\u0107enja tako \u0161to \u0107e a\u017eurirati ovaj tekst. Vi \u0107ete automatski biti obavezani novim uslovima kori\u0161\u0107enja sadr\u017eanim u izmenama, stoga bi trebalo da periodi\u010dno posetite ovu stranicu radi upoznavanja sa trenutno va\u017ee\u0107im uslovima kori\u0161\u0107enja.<\/p><\/div><\/header>\t\t\t\t\t\t\t\t<\/div>\n\t\t\t\t<\/div>\n\t\t\t\t<\/div>\n\t\t\t\t\t<\/div>\n\t\t\t\t<\/div>\n\t\t\t\t<\/div>","protected":false},"excerpt":{"rendered":"<p>Uslovi kori\u0161\u0107enja Uslovi kori\u0161\u0107enja Hvala \u0161to ste posetili internet sajt firme LESTO Realty d.o.o. Va\u0161 pristup, kao i kori\u0161\u0107enje ovog na\u0161eg internet sajta (u daljem tekstu: internet sajt) podle\u017ee ovim uslovima kori\u0161\u0107enja i va\u017ee\u0107im zakonskim propisima koji ure\u0111uju ovu oblast. Pristupom i kori\u0161\u0107enjem internet sajta prihvatate bez ograni\u010denja ove uslove kori\u0161\u0107enja. Ukoliko ne prihvatate ove uslove kori\u0161\u0107enja bez ograni\u010denja, molimo Vas da napustite internet sajt www.lestorealty.rs. Vlasni\u0161tvo sadr\u017eaja i upotreba sajta Internet sajt i svi tekstovi, logotip, video i audio materijal (u daljem tekstu: Sadr\u017eaj) jesu autorsko pravo firme LESTO Realty d.o.o. (u daljem tekstu: Autor) ili su na internet sajt postavljeni uz dozvolu vlasnika ili ovla\u0161\u0107enog nosioca prava. Kori\u0161\u0107enje Sadr\u017eaja, osim na na\u010din opisan u ovim uslovima kori\u0161\u0107enja, bez pisane dozvole vlasnika Sadr\u017eaja, strogo je zabranjeno. Autor\u00a0\u0107e za\u0161titi svoja autorska prava, prava intelektualne svojine i ostala srodna prava, kao i druga prava, u meri dozvoljenoj zakonom, uklju\u010duju\u0107i tu i krivi\u010dno gonjenje. Sadr\u017eaj internet sajta mo\u017ee sadr\u017eati neta\u010dne podatke ili \u0161tamparske gre\u0161ke i ne predstavlja automatski u\u017eivo promene na tr\u017ei\u0161tu. Tr\u017ei\u0161na kretanja nisu a\u017eurirana istog momenta kada se promene na tr\u017ei\u0161tu de\u0161avaju. Promene na internet sajtu se mogu napraviti periodi\u010dno u bilo kom trenutku i bez obave\u0161tenja. Autor\u00a0se ne obavezuje da redovno a\u017eurira informacije sadr\u017eane na ovom internet sajtu i ne garantuje da \u0107e internet sajt funkcionisati bez prekida ili gre\u0161aka. Tako\u0111e, ne mo\u017eemo garantovati da \u0107e nedostaci biti blagovremeno ispravljani niti da je internet sajt kompatibilan sa Va\u0161im hardverom\/softverom. Izuze\u0107e od odgovornosti i linkovi ka internet sajtovima tre\u0107ih lica Internet sajt koristite na sopstveni rizik. Autor\u00a0nije odgovoran za materijalnu ili nematerijalnu \u0161tetu, direktnu ili indirektnu koja nastane iz kori\u0161\u0107enja ili je u nekoj vezi sa kori\u0161\u0107enjem internet sajta ili Sadr\u017eaja. Na\u0161 internet sajt mo\u017ee sadr\u017eati linkove drugih internet sajtova \u010diji vlasnik ili korisnik nije Autor. Takvi linkovi su obezbe\u0111eni isklju\u010divo da bi Vama pru\u017eili \u0161to vi\u0161e informacija. Autor\u00a0ne kontroli\u0161e i nije odgovoran za rad, sadr\u017eaj, politiku privatnosti ili bezbednost tih sajtova, niti kontroli\u0161e sadr\u017eaj ili proizvode ili usluge dostupne na ovim internet sajtovima. Ako uspostavite vezu sa takvim internet sajtovima preko linka na na\u0161em internet sajtu, to \u010dinite na sopstveni rizik i bez saglasnosti Autora. Sadr\u017eaj\u00a0dostupan na ovom internet sajtu i poha\u0111anje programa Prava intelektualne svojine i ostala prava na bilo koji Sadr\u017eaj\u00a0koji je dostupan za preuzimanje sa internet sajta pripadaju Autoru, tj. firmi LESTO Realty d.o.o., osim ako druga\u010dije nije izri\u010dito odre\u0111eno. Va\u0161a upotreba Sadr\u017eaja podle\u017ee uslovima Zakona o za\u0161titi autorskih prava Republike Srbije. \u00a0Nemojte preuzimati\u00a0niti koristiti Sadr\u017eaj ako se ne sla\u017eete sa ovim odredbama. Kada preuzimate ili koristite Sadr\u017eaj sa internet sajta, to \u010dinite na sopstveni rizik. Izmena uslova kori\u0161\u0107enja Firma LESTO Realty d.o.o. mo\u017ee u svakom trenutku izmeniti ove uslove kori\u0161\u0107enja tako \u0161to \u0107e a\u017eurirati ovaj tekst. Vi \u0107ete automatski biti obavezani novim uslovima kori\u0161\u0107enja sadr\u017eanim u izmenama, stoga bi trebalo da periodi\u010dno posetite ovu stranicu radi upoznavanja sa trenutno va\u017ee\u0107im uslovima kori\u0161\u0107enja.<\/p>","protected":false},"author":1,"featured_media":0,"parent":0,"menu_order":0,"comment_status":"closed","ping_status":"closed","template":"elementor_header_footer","meta":{"_acf_changed":false,"footnotes":""},"class_list":["post-3534","page","type-page","status-publish","hentry"],"acf":[],"_links":{"self":[{"href":"https:\/\/lestorealty.rs\/en\/wp-json\/wp\/v2\/pages\/3534","targetHints":{"allow":["GET"]}}],"collection":[{"href":"https:\/\/lestorealty.rs\/en\/wp-json\/wp\/v2\/pages"}],"about":[{"href":"https:\/\/lestorealty.rs\/en\/wp-json\/wp\/v2\/types\/page"}],"author":[{"embeddable":true,"href":"https:\/\/lestorealty.rs\/en\/wp-json\/wp\/v2\/users\/1"}],"replies":[{"embeddable":true,"href":"https:\/\/lestorealty.rs\/en\/wp-json\/wp\/v2\/comments?post=3534"}],"version-history":[{"count":7,"href":"https:\/\/lestorealty.rs\/en\/wp-json\/wp\/v2\/pages\/3534\/revisions"}],"predecessor-version":[{"id":3546,"href":"https:\/\/lestorealty.rs\/en\/wp-json\/wp\/v2\/pages\/3534\/revisions\/3546"}],"wp:attachment":[{"href":"https:\/\/lestorealty.rs\/en\/wp-json\/wp\/v2\/media?parent=3534"}],"curies":[{"name":"wp","href":"https:\/\/api.w.org\/{rel}","templated":true}]}}