{"id":274,"date":"2025-05-23T16:09:25","date_gmt":"2025-05-23T16:09:25","guid":{"rendered":"https:\/\/lestorealty.rs\/?page_id=274"},"modified":"2025-08-07T00:47:08","modified_gmt":"2025-08-07T00:47:08","slug":"usluge","status":"publish","type":"page","link":"https:\/\/lestorealty.rs\/en\/usluge\/","title":{"rendered":"Services"},"content":{"rendered":"<div data-elementor-type=\"wp-page\" data-elementor-id=\"274\" class=\"elementor elementor-274\">\n\t\t\t\t<div class=\"elementor-element elementor-element-8cb47db e-flex e-con-boxed wpr-particle-no wpr-jarallax-no wpr-parallax-no wpr-sticky-section-no e-con e-parent\" data-id=\"8cb47db\" data-element_type=\"container\" data-e-type=\"container\" data-settings=\"{&quot;background_background&quot;:&quot;classic&quot;}\">\n\t\t\t\t\t<div class=\"e-con-inner\">\n\t\t\t\t<div class=\"elementor-element elementor-element-f853f11 elementor-widget elementor-widget-heading\" data-id=\"f853f11\" data-element_type=\"widget\" data-e-type=\"widget\" data-widget_type=\"heading.default\">\n\t\t\t\t<div class=\"elementor-widget-container\">\n\t\t\t\t\t<h2 class=\"elementor-heading-title elementor-size-default\">Na\u0161e ekspertske usluge\n<\/h2>\t\t\t\t<\/div>\n\t\t\t\t<\/div>\n\t\t\t\t\t<\/div>\n\t\t\t\t<\/div>\n\t\t<div class=\"elementor-element elementor-element-e365c22 elementor-hidden-desktop elementor-hidden-laptop e-flex e-con-boxed wpr-particle-no wpr-jarallax-no wpr-parallax-no wpr-sticky-section-no e-con e-parent\" data-id=\"e365c22\" data-element_type=\"container\" data-e-type=\"container\" data-settings=\"{&quot;background_background&quot;:&quot;classic&quot;}\">\n\t\t\t\t\t<div class=\"e-con-inner\">\n\t\t\t\t<div class=\"elementor-element elementor-element-be54b33 elementor-widget elementor-widget-elementskit-accordion\" data-id=\"be54b33\" data-element_type=\"widget\" data-e-type=\"widget\" data-widget_type=\"elementskit-accordion.default\">\n\t\t\t\t<div class=\"elementor-widget-container\">\n\t\t\t\t\t<div class=\"ekit-wid-con\" >\n        <div class=\"elementskit-accordion accoedion-primary\" id=\"accordion-6a07f777410de\">\n\n            \n                <div class=\"elementskit-card active\">\n                    <div class=\"elementskit-card-header\" id=\"primaryHeading-0-be54b33\">\n                        <a href=\"#collapse-09d142c6a07f777410de\" class=\"ekit-accordion--toggler elementskit-btn-link collapsed\" data-ekit-toggle=\"collapse\" data-target=\"#Collapse-09d142c6a07f777410de\" aria-expanded=\"true\" aria-controls=\"Collapse-09d142c6a07f777410de\">\n                            \n                            <span class=\"ekit-accordion-title\">Real estate turnover and rent<\/span>\n\n                            \n                                <div class=\"ekit_accordion_icon_group\">\n                                    <div class=\"ekit_accordion_normal_icon\">\n                                        <!-- Normal Icon -->\n\t\t\t\t\t\t\t\t\t\t<i class=\"icon icon-down-arrow1\"><\/i>                                    <\/div>\n\n                                    <div class=\"ekit_accordion_active_icon\">\n                                        <!-- Active Icon -->\n\t\t\t\t\t\t\t\t\t\t<i class=\"icon icon-up-arrow\"><\/i>                                    <\/div>\n                                <\/div>\n\n                            \n                                                    <\/a>\n                    <\/div>\n\n                    <div id=\"Collapse-09d142c6a07f777410de\" class=\"show collapse\" aria-labelledby=\"primaryHeading-0-be54b33\" data-parent=\"#accordion-6a07f777410de\">\n\n                        <div class=\"elementskit-card-body ekit-accordion--content\">\n                            <p>Our real estate transaction and rental service ensures that you buy, sell or rent your premium property for the best possible price. We guarantee a personalized approach to your needs, in-depth market insight and dedicated support throughout the process.<\/p>                        <\/div>\n\n                    <\/div>\n\n                <\/div><!-- .elementskit-card END -->\n\n                \n                <div class=\"elementskit-card\">\n                    <div class=\"elementskit-card-header\" id=\"primaryHeading-1-be54b33\">\n                        <a href=\"#collapse-6754ac16a07f777410de\" class=\"ekit-accordion--toggler elementskit-btn-link collapsed\" data-ekit-toggle=\"collapse\" data-target=\"#Collapse-6754ac16a07f777410de\" aria-expanded=\"false\" aria-controls=\"Collapse-6754ac16a07f777410de\">\n                            \n                            <span class=\"ekit-accordion-title\">Valuation<\/span>\n\n                            \n                                <div class=\"ekit_accordion_icon_group\">\n                                    <div class=\"ekit_accordion_normal_icon\">\n                                        <!-- Normal Icon -->\n\t\t\t\t\t\t\t\t\t\t<i class=\"icon icon-down-arrow1\"><\/i>                                    <\/div>\n\n                                    <div class=\"ekit_accordion_active_icon\">\n                                        <!-- Active Icon -->\n\t\t\t\t\t\t\t\t\t\t<i class=\"icon icon-up-arrow\"><\/i>                                    <\/div>\n                                <\/div>\n\n                            \n                                                    <\/a>\n                    <\/div>\n\n                    <div id=\"Collapse-6754ac16a07f777410de\" class=\"collapse\" aria-labelledby=\"primaryHeading-1-be54b33\" data-parent=\"#accordion-6a07f777410de\">\n\n                        <div class=\"elementskit-card-body ekit-accordion--content\">\n                            <p>Our real estate valuation service provides a superior assessment using standardized international methodologies in the industry, ensuring you receive reliable information crucial for making good decisions, whether it is buying, selling or financing real estate.<\/p>                        <\/div>\n\n                    <\/div>\n\n                <\/div><!-- .elementskit-card END -->\n\n                \n                <div class=\"elementskit-card\">\n                    <div class=\"elementskit-card-header\" id=\"primaryHeading-2-be54b33\">\n                        <a href=\"#collapse-0bdd2cc6a07f777410de\" class=\"ekit-accordion--toggler elementskit-btn-link collapsed\" data-ekit-toggle=\"collapse\" data-target=\"#Collapse-0bdd2cc6a07f777410de\" aria-expanded=\"false\" aria-controls=\"Collapse-0bdd2cc6a07f777410de\">\n                            \n                            <span class=\"ekit-accordion-title\">Investment consulting<\/span>\n\n                            \n                                <div class=\"ekit_accordion_icon_group\">\n                                    <div class=\"ekit_accordion_normal_icon\">\n                                        <!-- Normal Icon -->\n\t\t\t\t\t\t\t\t\t\t<i class=\"icon icon-down-arrow1\"><\/i>                                    <\/div>\n\n                                    <div class=\"ekit_accordion_active_icon\">\n                                        <!-- Active Icon -->\n\t\t\t\t\t\t\t\t\t\t<i class=\"icon icon-up-arrow\"><\/i>                                    <\/div>\n                                <\/div>\n\n                            \n                                                    <\/a>\n                    <\/div>\n\n                    <div id=\"Collapse-0bdd2cc6a07f777410de\" class=\"collapse\" aria-labelledby=\"primaryHeading-2-be54b33\" data-parent=\"#accordion-6a07f777410de\">\n\n                        <div class=\"elementskit-card-body ekit-accordion--content\">\n                            <p>Our professional investment consulting services guide individuals and companies through real estate investments across Serbia, the Balkan region, and the world, offering strategic advice, market analysis, and customized plans to maximize your returns.<\/p>                        <\/div>\n\n                    <\/div>\n\n                <\/div><!-- .elementskit-card END -->\n\n                                        <\/div>\n    <\/div>\t\t\t\t<\/div>\n\t\t\t\t<\/div>\n\t\t\t\t\t<\/div>\n\t\t\t\t<\/div>\n\t\t<div class=\"elementor-element elementor-element-ad584d2 elementor-hidden-tablet elementor-hidden-mobile e-flex e-con-boxed wpr-particle-no wpr-jarallax-no wpr-parallax-no wpr-sticky-section-no e-con e-parent\" data-id=\"ad584d2\" data-element_type=\"container\" data-e-type=\"container\" data-settings=\"{&quot;background_background&quot;:&quot;classic&quot;}\">\n\t\t\t\t\t<div class=\"e-con-inner\">\n\t\t<div class=\"elementor-element elementor-element-9d96580 e-con-full e-flex wpr-particle-no wpr-jarallax-no wpr-parallax-no wpr-sticky-section-no e-con e-child\" data-id=\"9d96580\" data-element_type=\"container\" data-e-type=\"container\">\n\t\t\t\t<div class=\"elementor-element elementor-element-48567af elementor-widget elementor-widget-premium-addon-banner\" data-id=\"48567af\" data-element_type=\"widget\" data-e-type=\"widget\" data-widget_type=\"premium-addon-banner.default\">\n\t\t\t\t<div class=\"elementor-widget-container\">\n\t\t\t\t\t\t\t<div class=\"premium-banner-ib premium-banner-min-height premium-banner-animation1 none premium-banner__effect-type2\">\n\t\t\t\t\t\t\t\t\t\t<img fetchpriority=\"high\" decoding=\"async\" width=\"1000\" height=\"667\" src=\"https:\/\/lestorealty.rs\/wp-content\/uploads\/2025\/06\/Leskaroski-RE-Consulting-mesecni-plan.jpeg\" class=\"attachment-full size-full wp-image-611\" alt=\"\" srcset=\"https:\/\/lestorealty.rs\/wp-content\/uploads\/2025\/06\/Leskaroski-RE-Consulting-mesecni-plan.jpeg 1000w, https:\/\/lestorealty.rs\/wp-content\/uploads\/2025\/06\/Leskaroski-RE-Consulting-mesecni-plan-300x200.jpeg 300w, https:\/\/lestorealty.rs\/wp-content\/uploads\/2025\/06\/Leskaroski-RE-Consulting-mesecni-plan-768x512.jpeg 768w\" sizes=\"(max-width: 1000px) 100vw, 1000px\" \/>\t\t\t\t\t\t\t\t\t<div class=\"premium-banner-ib-desc\">\n\t\t\t\t\n\t\t\t\t\t\t\t\t\t<h3 class=\"premium-banner-ib-title premium_banner_title\">\n\t\t\t\t\t\tReal estate turnover and rent\t\t\t\t\t<\/h3>\n\t\t\t\t\n\t\t\t\t\t\t\t\t\t<div class=\"premium-banner-ib-content premium_banner_content\">\n\t\t\t\t\t\t<p>Our real estate transaction and rental service ensures that you buy, sell or rent your premium property for the best possible price. We guarantee a personalized approach to your needs, in-depth market insight and dedicated support throughout the process.<\/p>\t\t\t\t\t<\/div>\n\t\t\t\t\n\t\t\t\t\n\t\t\t\t\t\t\t<\/div>\n\t\t\t\t\t<\/div>\n\n\t\t\t\t\t\t<\/div>\n\t\t\t\t<\/div>\n\t\t\t\t<\/div>\n\t\t<div class=\"elementor-element elementor-element-6fae137 e-con-full e-flex wpr-particle-no wpr-jarallax-no wpr-parallax-no wpr-sticky-section-no e-con e-child\" data-id=\"6fae137\" data-element_type=\"container\" data-e-type=\"container\">\n\t\t\t\t<div class=\"elementor-element elementor-element-1410cc6 elementor-widget elementor-widget-premium-addon-banner\" data-id=\"1410cc6\" data-element_type=\"widget\" data-e-type=\"widget\" data-widget_type=\"premium-addon-banner.default\">\n\t\t\t\t<div class=\"elementor-widget-container\">\n\t\t\t\t\t\t\t<div class=\"premium-banner-ib premium-banner-min-height premium-banner-animation1 none premium-banner__effect-type2\">\n\t\t\t\t\t\t\t\t\t\t<img decoding=\"async\" width=\"2048\" height=\"1256\" src=\"https:\/\/lestorealty.rs\/wp-content\/uploads\/2025\/06\/Centrale-Aerial-Map-2048x1256-1.jpg\" class=\"attachment-full size-full wp-image-656\" alt=\"\" srcset=\"https:\/\/lestorealty.rs\/wp-content\/uploads\/2025\/06\/Centrale-Aerial-Map-2048x1256-1.jpg 2048w, https:\/\/lestorealty.rs\/wp-content\/uploads\/2025\/06\/Centrale-Aerial-Map-2048x1256-1-300x184.jpg 300w, https:\/\/lestorealty.rs\/wp-content\/uploads\/2025\/06\/Centrale-Aerial-Map-2048x1256-1-1024x628.jpg 1024w, https:\/\/lestorealty.rs\/wp-content\/uploads\/2025\/06\/Centrale-Aerial-Map-2048x1256-1-768x471.jpg 768w, https:\/\/lestorealty.rs\/wp-content\/uploads\/2025\/06\/Centrale-Aerial-Map-2048x1256-1-1536x942.jpg 1536w, https:\/\/lestorealty.rs\/wp-content\/uploads\/2025\/06\/Centrale-Aerial-Map-2048x1256-1-1200x736.jpg 1200w\" sizes=\"(max-width: 2048px) 100vw, 2048px\" \/>\t\t\t\t\t\t\t\t\t<div class=\"premium-banner-ib-desc\">\n\t\t\t\t\n\t\t\t\t\t\t\t\t\t<h3 class=\"premium-banner-ib-title premium_banner_title\">\n\t\t\t\t\t\tValuation\t\t\t\t\t<\/h3>\n\t\t\t\t\n\t\t\t\t\t\t\t\t\t<div class=\"premium-banner-ib-content premium_banner_content\">\n\t\t\t\t\t\t<p>Our real estate valuation service provides a superior assessment using standardized international methodologies in the industry, ensuring you receive reliable information crucial for making good decisions, whether it is buying, selling or financing real estate.<\/p>\t\t\t\t\t<\/div>\n\t\t\t\t\n\t\t\t\t\n\t\t\t\t\t\t\t<\/div>\n\t\t\t\t\t<\/div>\n\n\t\t\t\t\t\t<\/div>\n\t\t\t\t<\/div>\n\t\t\t\t<\/div>\n\t\t<div class=\"elementor-element elementor-element-489ca46 e-con-full e-flex wpr-particle-no wpr-jarallax-no wpr-parallax-no wpr-sticky-section-no e-con e-child\" data-id=\"489ca46\" data-element_type=\"container\" data-e-type=\"container\">\n\t\t\t\t<div class=\"elementor-element elementor-element-d777771 elementor-widget elementor-widget-premium-addon-banner\" data-id=\"d777771\" data-element_type=\"widget\" data-e-type=\"widget\" data-widget_type=\"premium-addon-banner.default\">\n\t\t\t\t<div class=\"elementor-widget-container\">\n\t\t\t\t\t\t\t<div class=\"premium-banner-ib premium-banner-min-height premium-banner-animation1 none premium-banner__effect-type2\">\n\t\t\t\t\t\t\t\t\t\t<img decoding=\"async\" width=\"1000\" height=\"750\" src=\"https:\/\/lestorealty.rs\/wp-content\/uploads\/2025\/06\/6736533573925.jpeg\" class=\"attachment-full size-full wp-image-597\" alt=\"\" srcset=\"https:\/\/lestorealty.rs\/wp-content\/uploads\/2025\/06\/6736533573925.jpeg 1000w, https:\/\/lestorealty.rs\/wp-content\/uploads\/2025\/06\/6736533573925-300x225.jpeg 300w, https:\/\/lestorealty.rs\/wp-content\/uploads\/2025\/06\/6736533573925-768x576.jpeg 768w\" sizes=\"(max-width: 1000px) 100vw, 1000px\" \/>\t\t\t\t\t\t\t\t\t<div class=\"premium-banner-ib-desc\">\n\t\t\t\t\n\t\t\t\t\t\t\t\t\t<h3 class=\"premium-banner-ib-title premium_banner_title\">\n\t\t\t\t\t\tInvestment consulting\t\t\t\t\t<\/h3>\n\t\t\t\t\n\t\t\t\t\t\t\t\t\t<div class=\"premium-banner-ib-content premium_banner_content\">\n\t\t\t\t\t\t<p>Our professional investment consulting services guide individuals and companies through real estate investments across Serbia, the Balkan region, and the world, offering strategic advice, market analysis, and customized plans to maximize your returns.<\/p>\t\t\t\t\t<\/div>\n\t\t\t\t\n\t\t\t\t\n\t\t\t\t\t\t\t<\/div>\n\t\t\t\t\t<\/div>\n\n\t\t\t\t\t\t<\/div>\n\t\t\t\t<\/div>\n\t\t\t\t<\/div>\n\t\t\t\t\t<\/div>\n\t\t\t\t<\/div>\n\t\t\t\t<\/div>","protected":false},"excerpt":{"rendered":"<p>Na\u0161e ekspertske usluge Promet i renta nepokretnosti Na\u0161a usluga prometa i rente nekretnine osigurava da kupite, prodate ili iznajmite svoju premijum nekretninu za najbolju mogu\u0107u cenu. Garantujemo personalizovani pristup za va\u0161e potrebe, dubinski uvid u tr\u017ei\u0161te i posve\u0107enu podr\u0161ku tokom celog procesa. Procena vrednosti Na\u0161a usluga valuacije nepokretnosti daje vrhunsku procenu koriste\u0107i standardizovane me\u0111unarodne metodologije u industriji, obezbe\u0111uju\u0107i vam dobijanje pouzdanih informacija krucijalnih za dono\u0161enje dobrih odluka, bilo da se radi o kupovini, prodaji ili finansiranju nekretnina. Investiciono savetovanje Na\u0161e usluge stru\u010dnog investicionog konsaltinga vode pojedince i kompanije kroz ulaganja u nekretnine \u0161irom Srbije, regiona Balkana i sveta, nude\u0107i strate\u0161ke savete, analizu tr\u017ei\u0161ta i prilago\u0111ene planove za maksimiziranje va\u0161eg prinosa. Promet i renta nepokretnosti Na\u0161a usluga prometa i rente nekretnine osigurava da kupite, prodate ili iznajmite svoju premijum nekretninu za najbolju mogu\u0107u cenu. Garantujemo personalizovani pristup za va\u0161e potrebe, dubinski uvid u tr\u017ei\u0161te i posve\u0107enu podr\u0161ku tokom celog procesa. Procena vrednosti Na\u0161a usluga valuacije nepokretnosti daje vrhunsku procenu koriste\u0107i standardizovane me\u0111unarodne metodologije u industriji, obezbe\u0111uju\u0107i vam dobijanje pouzdanih informacija krucijalnih za dono\u0161enje dobrih odluka, bilo da se radi o kupovini, prodaji ili finansiranju nekretnina. Investiciono savetovanje Na\u0161e usluge stru\u010dnog investicionog konsaltinga vode pojedince i kompanije kroz ulaganja u nekretnine \u0161irom Srbije, regiona Balkana i sveta, nude\u0107i strate\u0161ke savete, analizu tr\u017ei\u0161ta i prilago\u0111ene planove za maksimiziranje va\u0161eg prinosa.<\/p>","protected":false},"author":1,"featured_media":0,"parent":0,"menu_order":0,"comment_status":"closed","ping_status":"closed","template":"elementor_header_footer","meta":{"_acf_changed":false,"footnotes":""},"class_list":["post-274","page","type-page","status-publish","hentry"],"acf":[],"_links":{"self":[{"href":"https:\/\/lestorealty.rs\/en\/wp-json\/wp\/v2\/pages\/274","targetHints":{"allow":["GET"]}}],"collection":[{"href":"https:\/\/lestorealty.rs\/en\/wp-json\/wp\/v2\/pages"}],"about":[{"href":"https:\/\/lestorealty.rs\/en\/wp-json\/wp\/v2\/types\/page"}],"author":[{"embeddable":true,"href":"https:\/\/lestorealty.rs\/en\/wp-json\/wp\/v2\/users\/1"}],"replies":[{"embeddable":true,"href":"https:\/\/lestorealty.rs\/en\/wp-json\/wp\/v2\/comments?post=274"}],"version-history":[{"count":115,"href":"https:\/\/lestorealty.rs\/en\/wp-json\/wp\/v2\/pages\/274\/revisions"}],"predecessor-version":[{"id":3161,"href":"https:\/\/lestorealty.rs\/en\/wp-json\/wp\/v2\/pages\/274\/revisions\/3161"}],"wp:attachment":[{"href":"https:\/\/lestorealty.rs\/en\/wp-json\/wp\/v2\/media?parent=274"}],"curies":[{"name":"wp","href":"https:\/\/api.w.org\/{rel}","templated":true}]}}