{"id":2419,"date":"2025-07-31T15:11:42","date_gmt":"2025-07-31T15:11:42","guid":{"rendered":"https:\/\/lestorealty.rs\/?page_id=2419"},"modified":"2026-01-15T14:42:46","modified_gmt":"2026-01-15T14:42:46","slug":"novogradnja","status":"publish","type":"page","link":"https:\/\/lestorealty.rs\/en\/novogradnja\/","title":{"rendered":"New development"},"content":{"rendered":"<div data-elementor-type=\"wp-page\" data-elementor-id=\"2419\" class=\"elementor elementor-2419\">\n\t\t\t\t<div class=\"elementor-element elementor-element-682097b e-flex e-con-boxed wpr-particle-no wpr-jarallax-no wpr-parallax-no wpr-sticky-section-no e-con e-parent\" data-id=\"682097b\" data-element_type=\"container\" data-e-type=\"container\" data-settings=\"{&quot;background_background&quot;:&quot;classic&quot;}\">\n\t\t\t\t\t<div class=\"e-con-inner\">\n\t\t\t\t\t<\/div>\n\t\t\t\t<\/div>\n\t\t<div class=\"elementor-element elementor-element-8f2fa50 e-flex e-con-boxed wpr-particle-no wpr-jarallax-no wpr-parallax-no wpr-sticky-section-no e-con e-parent\" data-id=\"8f2fa50\" data-element_type=\"container\" data-e-type=\"container\" data-settings=\"{&quot;background_background&quot;:&quot;classic&quot;,&quot;shape_divider_bottom&quot;:&quot;mountains&quot;}\">\n\t\t\t\t\t<div class=\"e-con-inner\">\n\t\t\t\t<div class=\"elementor-shape elementor-shape-bottom\" aria-hidden=\"true\" data-negative=\"false\">\n\t\t\t<svg xmlns=\"http:\/\/www.w3.org\/2000\/svg\" viewbox=\"0 0 1000 100\" preserveaspectratio=\"none\">\n\t<path class=\"elementor-shape-fill\" opacity=\"0.33\" d=\"M473,67.3c-203.9,88.3-263.1-34-320.3,0C66,119.1,0,59.7,0,59.7V0h1000v59.7 c0,0-62.1,26.1-94.9,29.3c-32.8,3.3-62.8-12.3-75.8-22.1C806,49.6,745.3,8.7,694.9,4.7S492.4,59,473,67.3z\"\/>\n\t<path class=\"elementor-shape-fill\" opacity=\"0.66\" d=\"M734,67.3c-45.5,0-77.2-23.2-129.1-39.1c-28.6-8.7-150.3-10.1-254,39.1 s-91.7-34.4-149.2,0C115.7,118.3,0,39.8,0,39.8V0h1000v36.5c0,0-28.2-18.5-92.1-18.5C810.2,18.1,775.7,67.3,734,67.3z\"\/>\n\t<path class=\"elementor-shape-fill\" d=\"M766.1,28.9c-200-57.5-266,65.5-395.1,19.5C242,1.8,242,5.4,184.8,20.6C128,35.8,132.3,44.9,89.9,52.5C28.6,63.7,0,0,0,0 h1000c0,0-9.9,40.9-83.6,48.1S829.6,47,766.1,28.9z\"\/>\n<\/svg>\t\t<\/div>\n\t\t\t\t<div class=\"elementor-element elementor-element-6b562fa elementor-widget elementor-widget-heading\" data-id=\"6b562fa\" data-element_type=\"widget\" data-e-type=\"widget\" data-widget_type=\"heading.default\">\n\t\t\t\t<div class=\"elementor-widget-container\">\n\t\t\t\t\t<h2 class=\"elementor-heading-title elementor-size-default\">New development<\/h2>\t\t\t\t<\/div>\n\t\t\t\t<\/div>\n\t\t\t\t<div class=\"elementor-element elementor-element-3ecdf9b elementor-widget elementor-widget-text-editor\" data-id=\"3ecdf9b\" data-element_type=\"widget\" data-e-type=\"widget\" data-widget_type=\"text-editor.default\">\n\t\t\t\t<div class=\"elementor-widget-container\">\n\t\t\t\t\t\t\t\t\t<p>Discover a carefully selected selection of new buildings that combine a modern lifestyle, functionality and the quality of contemporary housing.<\/p>\t\t\t\t\t\t\t\t<\/div>\n\t\t\t\t<\/div>\n\t\t\t\t<div class=\"elementor-element elementor-element-7e0a765 elementor-widget elementor-widget-spacer\" data-id=\"7e0a765\" data-element_type=\"widget\" data-e-type=\"widget\" data-widget_type=\"spacer.default\">\n\t\t\t\t<div class=\"elementor-widget-container\">\n\t\t\t\t\t\t\t<div class=\"elementor-spacer\">\n\t\t\t<div class=\"elementor-spacer-inner\"><\/div>\n\t\t<\/div>\n\t\t\t\t\t\t<\/div>\n\t\t\t\t<\/div>\n\t\t<div class=\"elementor-element elementor-element-f106cd6 e-con-full e-flex wpr-particle-no wpr-jarallax-no wpr-parallax-no wpr-sticky-section-no e-con e-child\" data-id=\"f106cd6\" data-element_type=\"container\" data-e-type=\"container\">\n\t\t<div class=\"elementor-element elementor-element-f3d5aef e-con-full e-flex wpr-particle-no wpr-jarallax-no wpr-parallax-no wpr-sticky-section-no e-con e-child\" data-id=\"f3d5aef\" data-element_type=\"container\" data-e-type=\"container\">\n\t\t\t\t<div class=\"elementor-element elementor-element-2127d44 elementor-widget elementor-widget-elementskit-client-logo\" data-id=\"2127d44\" data-element_type=\"widget\" data-e-type=\"widget\" data-widget_type=\"elementskit-client-logo.default\">\n\t\t\t\t<div class=\"elementor-widget-container\">\n\t\t\t\t\t<div class=\"ekit-wid-con\" >\t\t<div class=\"elementskit-clients-slider slider-dotted arrow_inside dot_dashed simple_logo_image\" data-config=\"{&quot;rtl&quot;:false,&quot;arrows&quot;:true,&quot;dots&quot;:true,&quot;autoplay&quot;:true,&quot;speed&quot;:1000,&quot;slidesPerView&quot;:&quot;1&quot;,&quot;slidesPerGroup&quot;:1,&quot;pauseOnHover&quot;:true,&quot;loop&quot;:true,&quot;breakpoints&quot;:{&quot;320&quot;:{&quot;slidesPerView&quot;:1,&quot;slidesPerGroup&quot;:1,&quot;spaceBetween&quot;:10},&quot;768&quot;:{&quot;slidesPerView&quot;:&quot;1&quot;,&quot;slidesPerGroup&quot;:1,&quot;spaceBetween&quot;:10},&quot;1024&quot;:{&quot;slidesPerView&quot;:&quot;1&quot;,&quot;slidesPerGroup&quot;:1,&quot;spaceBetween&quot;:15}}}\" data-direction=\"\">\n\t\t\t<div class=\"ekit-main-swiper swiper\">\n\t\t\t\t<div class=\"swiper-wrapper\">\n\t\t\t\t\t\t\t\t\t\t\t<div class=\"elementskit-client-slider-item swiper-slide\">\n\t\t\t\t\t\t\t<div class=\"swiper-slide-inner\">\n\t\t\t\t\t\t\t\t<div class=\"single-client image-switcher\" title=\"Title #2\">\n\t\t\t\t\t\t\t\t\t\t\t\t\t\t\t\t\t\t\t<div class=\"content-image\">\n\t\t\t\t\t\t\t\t\t\t\t<img fetchpriority=\"high\" decoding=\"async\" width=\"2048\" height=\"1152\" src=\"https:\/\/lestorealty.rs\/wp-content\/uploads\/2025\/08\/1-1-2048x1152-min.jpg\" class=\"\" alt=\"\" srcset=\"https:\/\/lestorealty.rs\/wp-content\/uploads\/2025\/08\/1-1-2048x1152-min.jpg 2048w, https:\/\/lestorealty.rs\/wp-content\/uploads\/2025\/08\/1-1-2048x1152-min-300x169.jpg 300w, https:\/\/lestorealty.rs\/wp-content\/uploads\/2025\/08\/1-1-2048x1152-min-1024x576.jpg 1024w, https:\/\/lestorealty.rs\/wp-content\/uploads\/2025\/08\/1-1-2048x1152-min-768x432.jpg 768w, https:\/\/lestorealty.rs\/wp-content\/uploads\/2025\/08\/1-1-2048x1152-min-1536x864.jpg 1536w, https:\/\/lestorealty.rs\/wp-content\/uploads\/2025\/08\/1-1-2048x1152-min-18x10.jpg 18w, https:\/\/lestorealty.rs\/wp-content\/uploads\/2025\/08\/1-1-2048x1152-min-1200x675.jpg 1200w\" sizes=\"(max-width: 2048px) 100vw, 2048px\" \/>\t\t\t\t\t\t\t\t\t\t<\/div>\n\t\t\t\t\t\t\t\t\t\t\t\t\t\t\t\t\t<\/div>\n\t\t\t\t\t\t\t<\/div>\n\t\t\t\t\t\t<\/div>\n\t\t\t\t\t\t\t\t\t\t\t<div class=\"elementskit-client-slider-item swiper-slide\">\n\t\t\t\t\t\t\t<div class=\"swiper-slide-inner\">\n\t\t\t\t\t\t\t\t<div class=\"single-client image-switcher\" title=\"Title #1\">\n\t\t\t\t\t\t\t\t\t\t\t\t\t\t\t\t\t\t\t<div class=\"content-image\">\n\t\t\t\t\t\t\t\t\t\t\t<img decoding=\"async\" width=\"2048\" height=\"1152\" src=\"https:\/\/lestorealty.rs\/wp-content\/uploads\/2025\/08\/2-2048x1152-min.jpg\" class=\"\" alt=\"\" srcset=\"https:\/\/lestorealty.rs\/wp-content\/uploads\/2025\/08\/2-2048x1152-min.jpg 2048w, https:\/\/lestorealty.rs\/wp-content\/uploads\/2025\/08\/2-2048x1152-min-300x169.jpg 300w, https:\/\/lestorealty.rs\/wp-content\/uploads\/2025\/08\/2-2048x1152-min-1024x576.jpg 1024w, https:\/\/lestorealty.rs\/wp-content\/uploads\/2025\/08\/2-2048x1152-min-768x432.jpg 768w, https:\/\/lestorealty.rs\/wp-content\/uploads\/2025\/08\/2-2048x1152-min-1536x864.jpg 1536w, https:\/\/lestorealty.rs\/wp-content\/uploads\/2025\/08\/2-2048x1152-min-18x10.jpg 18w, https:\/\/lestorealty.rs\/wp-content\/uploads\/2025\/08\/2-2048x1152-min-1200x675.jpg 1200w\" sizes=\"(max-width: 2048px) 100vw, 2048px\" \/>\t\t\t\t\t\t\t\t\t\t<\/div>\n\t\t\t\t\t\t\t\t\t\t\t\t\t\t\t\t\t<\/div>\n\t\t\t\t\t\t\t<\/div>\n\t\t\t\t\t\t<\/div>\n\t\t\t\t\t\t\t\t\t\t\t<div class=\"elementskit-client-slider-item swiper-slide\">\n\t\t\t\t\t\t\t<div class=\"swiper-slide-inner\">\n\t\t\t\t\t\t\t\t<div class=\"single-client image-switcher\" title=\"Hodnik 1\">\n\t\t\t\t\t\t\t\t\t\t\t\t\t\t\t\t\t\t\t<div class=\"content-image\">\n\t\t\t\t\t\t\t\t\t\t\t<img decoding=\"async\" width=\"1280\" height=\"914\" src=\"https:\/\/lestorealty.rs\/wp-content\/uploads\/2025\/09\/3fde4198-0580-4276-877b-7d4f1d97334f.jpg\" class=\"\" alt=\"\" srcset=\"https:\/\/lestorealty.rs\/wp-content\/uploads\/2025\/09\/3fde4198-0580-4276-877b-7d4f1d97334f.jpg 1280w, https:\/\/lestorealty.rs\/wp-content\/uploads\/2025\/09\/3fde4198-0580-4276-877b-7d4f1d97334f-300x214.jpg 300w, https:\/\/lestorealty.rs\/wp-content\/uploads\/2025\/09\/3fde4198-0580-4276-877b-7d4f1d97334f-1024x731.jpg 1024w, https:\/\/lestorealty.rs\/wp-content\/uploads\/2025\/09\/3fde4198-0580-4276-877b-7d4f1d97334f-768x548.jpg 768w, https:\/\/lestorealty.rs\/wp-content\/uploads\/2025\/09\/3fde4198-0580-4276-877b-7d4f1d97334f-18x12.jpg 18w, https:\/\/lestorealty.rs\/wp-content\/uploads\/2025\/09\/3fde4198-0580-4276-877b-7d4f1d97334f-1200x857.jpg 1200w\" sizes=\"(max-width: 1280px) 100vw, 1280px\" \/>\t\t\t\t\t\t\t\t\t\t<\/div>\n\t\t\t\t\t\t\t\t\t\t\t\t\t\t\t\t\t<\/div>\n\t\t\t\t\t\t\t<\/div>\n\t\t\t\t\t\t<\/div>\n\t\t\t\t\t\t\t\t\t\t\t<div class=\"elementskit-client-slider-item swiper-slide\">\n\t\t\t\t\t\t\t<div class=\"swiper-slide-inner\">\n\t\t\t\t\t\t\t\t<div class=\"single-client image-switcher\" title=\"Hodnik 2\">\n\t\t\t\t\t\t\t\t\t\t\t\t\t\t\t\t\t\t\t<div class=\"content-image\">\n\t\t\t\t\t\t\t\t\t\t\t<img loading=\"lazy\" decoding=\"async\" width=\"1280\" height=\"914\" src=\"https:\/\/lestorealty.rs\/wp-content\/uploads\/2025\/09\/4780c063-bf18-4736-a66f-b761aa8717d2.jpg\" class=\"\" alt=\"\" srcset=\"https:\/\/lestorealty.rs\/wp-content\/uploads\/2025\/09\/4780c063-bf18-4736-a66f-b761aa8717d2.jpg 1280w, https:\/\/lestorealty.rs\/wp-content\/uploads\/2025\/09\/4780c063-bf18-4736-a66f-b761aa8717d2-300x214.jpg 300w, https:\/\/lestorealty.rs\/wp-content\/uploads\/2025\/09\/4780c063-bf18-4736-a66f-b761aa8717d2-1024x731.jpg 1024w, https:\/\/lestorealty.rs\/wp-content\/uploads\/2025\/09\/4780c063-bf18-4736-a66f-b761aa8717d2-768x548.jpg 768w, https:\/\/lestorealty.rs\/wp-content\/uploads\/2025\/09\/4780c063-bf18-4736-a66f-b761aa8717d2-18x12.jpg 18w, https:\/\/lestorealty.rs\/wp-content\/uploads\/2025\/09\/4780c063-bf18-4736-a66f-b761aa8717d2-1200x857.jpg 1200w\" sizes=\"(max-width: 1280px) 100vw, 1280px\" \/>\t\t\t\t\t\t\t\t\t\t<\/div>\n\t\t\t\t\t\t\t\t\t\t\t\t\t\t\t\t\t<\/div>\n\t\t\t\t\t\t\t<\/div>\n\t\t\t\t\t\t<\/div>\n\t\t\t\t\t\t\t\t\t\t\t<div class=\"elementskit-client-slider-item swiper-slide\">\n\t\t\t\t\t\t\t<div class=\"swiper-slide-inner\">\n\t\t\t\t\t\t\t\t<div class=\"single-client image-switcher\" title=\"26\/09\/25 Progress\">\n\t\t\t\t\t\t\t\t\t\t\t\t\t\t\t\t\t\t\t<div class=\"content-image\">\n\t\t\t\t\t\t\t\t\t\t\t<img loading=\"lazy\" decoding=\"async\" width=\"1576\" height=\"1790\" src=\"https:\/\/lestorealty.rs\/wp-content\/uploads\/2025\/09\/20250926-Progress-image-e1759269232175.jpg\" class=\"\" alt=\"\" srcset=\"https:\/\/lestorealty.rs\/wp-content\/uploads\/2025\/09\/20250926-Progress-image-e1759269232175.jpg 1576w, https:\/\/lestorealty.rs\/wp-content\/uploads\/2025\/09\/20250926-Progress-image-e1759269232175-264x300.jpg 264w, https:\/\/lestorealty.rs\/wp-content\/uploads\/2025\/09\/20250926-Progress-image-e1759269232175-902x1024.jpg 902w, https:\/\/lestorealty.rs\/wp-content\/uploads\/2025\/09\/20250926-Progress-image-e1759269232175-768x872.jpg 768w, https:\/\/lestorealty.rs\/wp-content\/uploads\/2025\/09\/20250926-Progress-image-e1759269232175-1352x1536.jpg 1352w, https:\/\/lestorealty.rs\/wp-content\/uploads\/2025\/09\/20250926-Progress-image-e1759269232175-11x12.jpg 11w, https:\/\/lestorealty.rs\/wp-content\/uploads\/2025\/09\/20250926-Progress-image-e1759269232175-1200x1363.jpg 1200w\" sizes=\"(max-width: 1576px) 100vw, 1576px\" \/>\t\t\t\t\t\t\t\t\t\t<\/div>\n\t\t\t\t\t\t\t\t\t\t\t\t\t\t\t\t\t<\/div>\n\t\t\t\t\t\t\t<\/div>\n\t\t\t\t\t\t<\/div>\n\t\t\t\t\t\t\t\t\t\t\t<div class=\"elementskit-client-slider-item swiper-slide\">\n\t\t\t\t\t\t\t<div class=\"swiper-slide-inner\">\n\t\t\t\t\t\t\t\t<div class=\"single-client image-switcher\" title=\"03\/09\/25 Progress\">\n\t\t\t\t\t\t\t\t\t\t\t\t\t\t\t\t\t\t\t<div class=\"content-image\">\n\t\t\t\t\t\t\t\t\t\t\t<img loading=\"lazy\" decoding=\"async\" width=\"1554\" height=\"1314\" src=\"https:\/\/lestorealty.rs\/wp-content\/uploads\/2025\/09\/20250903-IMG_6078-1.jpg\" class=\"\" alt=\"\" srcset=\"https:\/\/lestorealty.rs\/wp-content\/uploads\/2025\/09\/20250903-IMG_6078-1.jpg 1554w, https:\/\/lestorealty.rs\/wp-content\/uploads\/2025\/09\/20250903-IMG_6078-1-300x254.jpg 300w, https:\/\/lestorealty.rs\/wp-content\/uploads\/2025\/09\/20250903-IMG_6078-1-1024x866.jpg 1024w, https:\/\/lestorealty.rs\/wp-content\/uploads\/2025\/09\/20250903-IMG_6078-1-768x649.jpg 768w, https:\/\/lestorealty.rs\/wp-content\/uploads\/2025\/09\/20250903-IMG_6078-1-1536x1299.jpg 1536w, https:\/\/lestorealty.rs\/wp-content\/uploads\/2025\/09\/20250903-IMG_6078-1-14x12.jpg 14w, https:\/\/lestorealty.rs\/wp-content\/uploads\/2025\/09\/20250903-IMG_6078-1-1200x1015.jpg 1200w\" sizes=\"(max-width: 1554px) 100vw, 1554px\" \/>\t\t\t\t\t\t\t\t\t\t<\/div>\n\t\t\t\t\t\t\t\t\t\t\t\t\t\t\t\t\t<\/div>\n\t\t\t\t\t\t\t<\/div>\n\t\t\t\t\t\t<\/div>\n\t\t\t\t\t\t\t\t\t\t\t<div class=\"elementskit-client-slider-item swiper-slide\">\n\t\t\t\t\t\t\t<div class=\"swiper-slide-inner\">\n\t\t\t\t\t\t\t\t<div class=\"single-client image-switcher\" title=\"17\/08\/25 Progress\">\n\t\t\t\t\t\t\t\t\t\t\t\t\t\t\t\t\t\t\t<div class=\"content-image\">\n\t\t\t\t\t\t\t\t\t\t\t<img loading=\"lazy\" decoding=\"async\" width=\"2560\" height=\"1908\" src=\"https:\/\/lestorealty.rs\/wp-content\/uploads\/2025\/08\/20250818_105050-scaled.jpg\" class=\"\" alt=\"\" srcset=\"https:\/\/lestorealty.rs\/wp-content\/uploads\/2025\/08\/20250818_105050-scaled.jpg 2560w, https:\/\/lestorealty.rs\/wp-content\/uploads\/2025\/08\/20250818_105050-300x224.jpg 300w, https:\/\/lestorealty.rs\/wp-content\/uploads\/2025\/08\/20250818_105050-1024x763.jpg 1024w, https:\/\/lestorealty.rs\/wp-content\/uploads\/2025\/08\/20250818_105050-768x573.jpg 768w, https:\/\/lestorealty.rs\/wp-content\/uploads\/2025\/08\/20250818_105050-1536x1145.jpg 1536w, https:\/\/lestorealty.rs\/wp-content\/uploads\/2025\/08\/20250818_105050-2048x1527.jpg 2048w, https:\/\/lestorealty.rs\/wp-content\/uploads\/2025\/08\/20250818_105050-16x12.jpg 16w, https:\/\/lestorealty.rs\/wp-content\/uploads\/2025\/08\/20250818_105050-1200x895.jpg 1200w\" sizes=\"(max-width: 2560px) 100vw, 2560px\" \/>\t\t\t\t\t\t\t\t\t\t<\/div>\n\t\t\t\t\t\t\t\t\t\t\t\t\t\t\t\t\t<\/div>\n\t\t\t\t\t\t\t<\/div>\n\t\t\t\t\t\t<\/div>\n\t\t\t\t\t\t\t\t\t<\/div>\n\n\t\t\t\t\t\t\t\t\t<div class=\"swiper-pagination\"><\/div>\n\t\t\t\t\n\t\t\t\t\t\t\t\t\t<div class=\"swiper-navigation-button swiper-button-prev\">\n\t\t\t\t\t\t<i aria-hidden=\"true\" class=\"icon icon-left-arrow2\"><\/i>\t\t\t\t\t<\/div>\n\t\t\t\t\t<div class=\"swiper-navigation-button swiper-button-next\">\n\t\t\t\t\t\t<i aria-hidden=\"true\" class=\"icon icon-right-arrow2\"><\/i>\t\t\t\t\t<\/div>\n\t\t\t\t\t\t\t<\/div><!-- .elementskit-clients-slider END -->\n\t\t<\/div>\n\t\t<\/div>\t\t\t\t<\/div>\n\t\t\t\t<\/div>\n\t\t\t\t<\/div>\n\t\t<div class=\"elementor-element elementor-element-eda2fe7 e-con-full e-flex wpr-particle-no wpr-jarallax-no wpr-parallax-no wpr-sticky-section-no e-con e-child\" data-id=\"eda2fe7\" data-element_type=\"container\" data-e-type=\"container\">\n\t\t\t\t<div class=\"elementor-element elementor-element-877ad89 elementor-widget elementor-widget-heading\" data-id=\"877ad89\" data-element_type=\"widget\" data-e-type=\"widget\" data-widget_type=\"heading.default\">\n\t\t\t\t<div class=\"elementor-widget-container\">\n\t\t\t\t\t<h2 class=\"elementor-heading-title elementor-size-default\">Ustani\u010dka 21, Beograd<\/h2>\t\t\t\t<\/div>\n\t\t\t\t<\/div>\n\t\t\t\t<div class=\"elementor-element elementor-element-13b058f elementor-widget elementor-widget-text-editor\" data-id=\"13b058f\" data-element_type=\"widget\" data-e-type=\"widget\" data-widget_type=\"text-editor.default\">\n\t\t\t\t<div class=\"elementor-widget-container\">\n\t\t\t\t\t\t\t\t\t<p>We present you modern apartments in a contemporary residential and business complex in an attractive location - Ustani\u010dka Street, in the immediate vicinity of Autokomanda. The perfect blend of functionality, quality and city life.<\/p>\t\t\t\t\t\t\t\t<\/div>\n\t\t\t\t<\/div>\n\t\t\t\t<div class=\"elementor-element elementor-element-4df1dfb elementor-widget elementor-widget-text-editor\" data-id=\"4df1dfb\" data-element_type=\"widget\" data-e-type=\"widget\" data-widget_type=\"text-editor.default\">\n\t\t\t\t<div class=\"elementor-widget-container\">\n\t\t\t\t\t\t\t\t\t<p>U ovoj novogradnji su dostupni stanovi kvadratura 63, 81, 90, 99 i 225m\u00b2, kao i dva poslovna prostora od 86 i 169m\u00b2.<\/p>\t\t\t\t\t\t\t\t<\/div>\n\t\t\t\t<\/div>\n\t\t\t\t<div class=\"elementor-element elementor-element-8d7b11a premium-lq__none elementor-widget elementor-widget-premium-addon-button\" data-id=\"8d7b11a\" data-element_type=\"widget\" data-e-type=\"widget\" data-widget_type=\"premium-addon-button.default\">\n\t\t\t\t<div class=\"elementor-widget-container\">\n\t\t\t\t\t\n\n\t\t<a class=\"premium-button premium-button-style1 premium-btn-md premium-button-style1-bottom\" href=\"https:\/\/lestorealty.rs\/en\/novogradnja\/ustanicka-bb-vozdovac\/\">\n\t\t\t<div class=\"premium-button-text-icon-wrapper\">\n\t\t\t\t\n\t\t\t\t\t\t\t\t\t<span >\n\t\t\t\t\t\tView\t\t\t\t\t<\/span>\n\t\t\t\t\t\t\t<\/div>\n\n\t\t\t\n\t\t\t\n\t\t\t\n\t\t<\/a>\n\n\n\t\t\t\t\t\t<\/div>\n\t\t\t\t<\/div>\n\t\t\t\t<\/div>\n\t\t\t\t<\/div>\n\t\t\t\t\t<\/div>\n\t\t\t\t<\/div>\n\t\t\t\t<\/div>","protected":false},"excerpt":{"rendered":"<p>Novogradnja Otkrijte pa\u017eljivo odabranu selekciju novogradnji koje spajaju moderan stil \u017eivota, funkcionalnost i kvalitet savremenog stanovanja. Ustani\u010dka 21, Beograd Predstavljamo vam moderne stanove u savremenom stambeno-poslovnom kompleksu na atraktivnoj lokaciji \u2013 Ustani\u010dka ulica, u neposrednoj blizini Autokomande. Savr\u0161en spoj funkcionalnosti, kvaliteta i gradskog \u017eivota. U ovoj novogradnji su dostupni stanovi kvadratura 63, 81, 90, 99 i 225m\u00b2, kao i dva poslovna prostora od 86 i 169m\u00b2. Pogledaj<\/p>","protected":false},"author":1,"featured_media":0,"parent":0,"menu_order":0,"comment_status":"closed","ping_status":"closed","template":"elementor_header_footer","meta":{"_acf_changed":false,"footnotes":""},"class_list":["post-2419","page","type-page","status-publish","hentry"],"acf":[],"_links":{"self":[{"href":"https:\/\/lestorealty.rs\/en\/wp-json\/wp\/v2\/pages\/2419","targetHints":{"allow":["GET"]}}],"collection":[{"href":"https:\/\/lestorealty.rs\/en\/wp-json\/wp\/v2\/pages"}],"about":[{"href":"https:\/\/lestorealty.rs\/en\/wp-json\/wp\/v2\/types\/page"}],"author":[{"embeddable":true,"href":"https:\/\/lestorealty.rs\/en\/wp-json\/wp\/v2\/users\/1"}],"replies":[{"embeddable":true,"href":"https:\/\/lestorealty.rs\/en\/wp-json\/wp\/v2\/comments?post=2419"}],"version-history":[{"count":112,"href":"https:\/\/lestorealty.rs\/en\/wp-json\/wp\/v2\/pages\/2419\/revisions"}],"predecessor-version":[{"id":3978,"href":"https:\/\/lestorealty.rs\/en\/wp-json\/wp\/v2\/pages\/2419\/revisions\/3978"}],"wp:attachment":[{"href":"https:\/\/lestorealty.rs\/en\/wp-json\/wp\/v2\/media?parent=2419"}],"curies":[{"name":"wp","href":"https:\/\/api.w.org\/{rel}","templated":true}]}}